{"id":18,"date":"2015-08-17T15:35:30","date_gmt":"2015-08-17T13:35:30","guid":{"rendered":"http:\/\/h2solutions.de\/?page_id=18"},"modified":"2020-09-21T15:07:54","modified_gmt":"2020-09-21T13:07:54","slug":"start","status":"publish","type":"page","link":"https:\/\/h2solutions.de\/","title":{"rendered":"Willkommen"},"content":{"rendered":"<p><strong>Software<\/strong> &#8211; den Begriff kennt heute jeder. Er ist aus dem t\u00e4glichen Leben nicht mehr wegzudenken.<\/p>\n<p>In Unternehmen steuert Software die Gesch\u00e4ftsprozesse. Software kann man im Fachgesch\u00e4ft oder im Internet kaufen &#8211; als fertiges Produkt wie etwa einen Tisch. Doch nicht jeder Tisch hat auch die passende Gr\u00f6\u00dfe. F\u00fcr diese F\u00e4lle gibt es M\u00f6belschreiner. Sie fertigen den Tisch passgenau nach Ihren W\u00fcnschen an.<\/p>\n<p>Auch Software l\u00e4sst sich passgenau nach Ihren W\u00fcnschen programmieren. Wir programmieren Software, die exakt auf die Bed\u00fcrfnisse Ihres Unternehmens abgestimmt ist:<\/p>\n<ul>\n<li><strong>Software, die &#8222;passt&#8220;.<\/strong><\/li>\n<li><strong>Software, die Ihre Gesch\u00e4ftsprozesse optimal unterst\u00fctzt.<\/strong><\/li>\n<li><strong>Software, die sich Ihren Gesch\u00e4ftsprozessen anpasst und nicht umgekehrt.<\/strong><\/li>\n<\/ul>\n<p>Als unabh\u00e4ngiges Softwarehaus programmieren wir Ihnen passgenaue Alternativen zu unflexiblen Softwareprodukten von der Stange einerseits und zu v\u00f6llig \u00fcberfrachteten, teuren Softwarepaketen andererseits.<\/p>\n<p>Bitte bedenken Sie:<\/p>\n<p>Selbst umfangreiche Softwarepakete decken nicht immer alles ab, was Ihre Firma braucht. Meist werden teure Anpassungen und Korrekturen n\u00f6tig, die den Preis einer ma\u00dfgeschneiderten Software nicht selten \u00fcbersteigen. F\u00fcr welches fertige Softwareprodukt Sie sich auch immer entscheiden, oft liegen die Kosten f\u00fcr die Einf\u00fchrung der neuen Software weit \u00fcber ihren reinen Anschaffungskosten. Die Anpassung der betrieblichen Arbeitsabl\u00e4ufe an die Erfordernisse der neuen Software und die Schulung Ihrer Mitarbeiter k\u00f6nnen richtig teuer werden. Ma\u00dfgeschneiderte Software kann solche Zusatzkosten erheblich reduzieren. Viele Kosten entstehen dabei gar nicht erst &#8211; dank passgenauer Programmierung<\/p>\n","protected":false},"excerpt":{"rendered":"<p>Software &#8211; den Begriff kennt heute jeder. Er ist aus dem t\u00e4glichen Leben nicht mehr wegzudenken. In Unternehmen steuert Software die Gesch\u00e4ftsprozesse. Software kann man im Fachgesch\u00e4ft oder im Internet kaufen &#8211; als fertiges Produkt wie etwa einen Tisch. Doch &hellip; <a href=\"https:\/\/h2solutions.de\/\"><br \/>Zu dieser Seite wechseln <span class=\"meta-nav\">&rarr;<\/span><\/a><\/p>\n","protected":false},"author":1,"featured_media":0,"parent":0,"menu_order":0,"comment_status":"closed","ping_status":"closed","template":"","meta":{"footnotes":""},"class_list":["post-18","page","type-page","status-publish","hentry"],"_links":{"self":[{"href":"https:\/\/h2solutions.de\/index.php\/wp-json\/wp\/v2\/pages\/18","targetHints":{"allow":["GET"]}}],"collection":[{"href":"https:\/\/h2solutions.de\/index.php\/wp-json\/wp\/v2\/pages"}],"about":[{"href":"https:\/\/h2solutions.de\/index.php\/wp-json\/wp\/v2\/types\/page"}],"author":[{"embeddable":true,"href":"https:\/\/h2solutions.de\/index.php\/wp-json\/wp\/v2\/users\/1"}],"replies":[{"embeddable":true,"href":"https:\/\/h2solutions.de\/index.php\/wp-json\/wp\/v2\/comments?post=18"}],"version-history":[{"count":0,"href":"https:\/\/h2solutions.de\/index.php\/wp-json\/wp\/v2\/pages\/18\/revisions"}],"wp:attachment":[{"href":"https:\/\/h2solutions.de\/index.php\/wp-json\/wp\/v2\/media?parent=18"}],"curies":[{"name":"wp","href":"https:\/\/api.w.org\/{rel}","templated":true}]}}