{"id":22,"date":"2015-08-18T10:31:07","date_gmt":"2015-08-18T08:31:07","guid":{"rendered":"http:\/\/h2solutions.de\/?page_id=22"},"modified":"2020-09-21T15:11:37","modified_gmt":"2020-09-21T13:11:37","slug":"leistungen","status":"publish","type":"page","link":"https:\/\/h2solutions.de\/index.php\/leistungen\/","title":{"rendered":"Leistungen"},"content":{"rendered":"<p><strong>Unsere Leistungen<\/strong><\/p>\n<div id=\"inhalt_col2\">\n<p>Als Microsoft Certified Professional Developer besitzen wir ein umfangreiches Know-how und verf\u00fcgen im Bereich der Softwareentwicklung \u00fcber langj\u00e4hrige Erfahrung.<\/p>\n<p>Usability, Skalierbarkeit, Sicherheit, Performance und Wartbarkeit sind f\u00fcr uns deshalb keine Schlagworte, sondern eine Selbstverst\u00e4ndlichkeit.<\/p>\n<p>Unser Portfolio umfasst neben der reinen Realisierung eines Projekts auch die IT-Beratung, die Erstellung eines Pflichtenhefts sowie Installation, Inbetriebnahme und Schulung. Bei der Realisierung setzen wir auf eine starke Zusammenarbeit mit dem Auftraggeber.<\/p>\n<p>Als Softwarepartner stehen wir Ihnen langfristig zur Verf\u00fcgung &#8211; besonders in den Bereichen Wartung und Support. Und sollten sich Ihre Gesch\u00e4ftsprozesse irgendwann einmal \u00e4ndern, sind wir selbstverst\u00e4ndlich zur Stelle, um Ihre Software an die neuen Prozesse anzupassen.<\/p>\n<h2 class=\"title\">Technik<\/h2>\n<p>Wir bieten ein gro\u00dfes Spektrum an Technologien an, die eine enge Verzahnung von Web, Desktop, Server, Laptops und mobilen Ger\u00e4ten (z.B. Handy\/Tablet) erm\u00f6glichen.<\/p>\n<ul>\n<li>C# \/&nbsp;VB mit .NET Framework<\/li>\n<li>Datenbank (DBMS): SQLServer, Oracle, MySQL, &#8230;<\/li>\n<li>Rich Clients, Client\/ Server<\/li>\n<li>Web-Applikationen (PHP, ASPx, Java, Java-Script, HTML, CSS)<\/li>\n<li>Windows 7-10, gerne auch \u00e4ltere Versionen (nach R\u00fccksprache)<\/li>\n<li>MS Office Makro-Programmierung mit VB<\/li>\n<li>Plugin-Programmierung f\u00fcr Firefox, Skype, Discord, WordPress<\/li>\n<li>Firmware-Entwicklung: C, C++ f\u00fcr ATMEL, ESP, PIC und STM Prozessoren<\/li>\n<\/ul>\n<\/div>\n<p>Haben wir Ihr Interesse geweckt?<\/p>\n<p>Nehmen Sie mit uns <a href=\"http:\/\/h2solutions.de\/impressum\/\">Kontakt<\/a> auf!<\/p>\n","protected":false},"excerpt":{"rendered":"<p>Unsere Leistungen Als Microsoft Certified Professional Developer besitzen wir ein umfangreiches Know-how und verf\u00fcgen im Bereich der Softwareentwicklung \u00fcber langj\u00e4hrige Erfahrung. Usability, Skalierbarkeit, Sicherheit, Performance und Wartbarkeit sind f\u00fcr uns deshalb keine Schlagworte, sondern eine Selbstverst\u00e4ndlichkeit. Unser Portfolio umfasst neben &hellip; <a href=\"https:\/\/h2solutions.de\/index.php\/leistungen\/\"><br \/>Zu dieser Seite wechseln <span class=\"meta-nav\">&rarr;<\/span><\/a><\/p>\n","protected":false},"author":1,"featured_media":0,"parent":0,"menu_order":0,"comment_status":"closed","ping_status":"closed","template":"","meta":{"footnotes":""},"class_list":["post-22","page","type-page","status-publish","hentry"],"_links":{"self":[{"href":"https:\/\/h2solutions.de\/index.php\/wp-json\/wp\/v2\/pages\/22","targetHints":{"allow":["GET"]}}],"collection":[{"href":"https:\/\/h2solutions.de\/index.php\/wp-json\/wp\/v2\/pages"}],"about":[{"href":"https:\/\/h2solutions.de\/index.php\/wp-json\/wp\/v2\/types\/page"}],"author":[{"embeddable":true,"href":"https:\/\/h2solutions.de\/index.php\/wp-json\/wp\/v2\/users\/1"}],"replies":[{"embeddable":true,"href":"https:\/\/h2solutions.de\/index.php\/wp-json\/wp\/v2\/comments?post=22"}],"version-history":[{"count":0,"href":"https:\/\/h2solutions.de\/index.php\/wp-json\/wp\/v2\/pages\/22\/revisions"}],"wp:attachment":[{"href":"https:\/\/h2solutions.de\/index.php\/wp-json\/wp\/v2\/media?parent=22"}],"curies":[{"name":"wp","href":"https:\/\/api.w.org\/{rel}","templated":true}]}}