{"id":31,"date":"2015-08-18T10:57:49","date_gmt":"2015-08-18T08:57:49","guid":{"rendered":"http:\/\/h2solutions.de\/?page_id=31"},"modified":"2020-09-21T15:07:38","modified_gmt":"2020-09-21T13:07:38","slug":"unternehmen","status":"publish","type":"page","link":"https:\/\/h2solutions.de\/index.php\/unternehmen\/","title":{"rendered":"Unternehmen"},"content":{"rendered":"<h1>Unternehmen<\/h1>\n<p>Die <strong>H\u00b2Solutions<\/strong>&nbsp;ist seit 2010 als unabh\u00e4ngiges Softwarehaus aktiv.<\/p>\n<p>Das Unternehmen entwickelt moderne, individuelle Softwarel\u00f6sungen f\u00fcr Betriebe aus Industrie, Handel und Logistik. Gesch\u00e4ftsprozesse werden dadurch optimiert, Kosten reduziert, und die Effizienz der Mitarbeiter wird erh\u00f6ht.<\/p>\n<p>Der Unternehmenssitz befindet sich in Fulda.<\/p>\n<p>Die H\u00b2Solutions steht f\u00fcr Wissen und Erfahrung im Umgang mit Softwareprojekten. Sie ist eine Ausgr\u00fcndung der EDV-Schule Heil, die seit f\u00fcnfzehn Jahren f\u00fcr qualitativ hochwertige IT-Seminare \u00fcberregional bekannt ist.<\/p>\n<p>Durch die enge Verkn\u00fcpfung mit der EDV-Schule Heil greift das neue Unternehmen auf das Fachwissen, die Kompetenz und die Erfahrungen eines Microsoft Certified Partners zur\u00fcck.<\/p>\n<p>Gesch\u00e4ftsf\u00fchrer <strong>Dipl.-Ing. Volker Heil<\/strong> verf\u00fcgt als Dozent und Leiter der EDV-Schule Heil \u00fcber ein umfangreiches, aktuelles Fachwissen speziell in den Bereichen Softwareentwicklung, Datenbanken und Netzwerke.<\/p>\n<p>Er erwarb zahlreiche Zertifizierungen &#8211; darunter den Microsoft Professional Developer sowie Zertifikate in den Bereichen Datenbanken und Netzwerke.<\/p>\n","protected":false},"excerpt":{"rendered":"<p>Unternehmen Die H\u00b2Solutions&nbsp;ist seit 2010 als unabh\u00e4ngiges Softwarehaus aktiv. Das Unternehmen entwickelt moderne, individuelle Softwarel\u00f6sungen f\u00fcr Betriebe aus Industrie, Handel und Logistik. Gesch\u00e4ftsprozesse werden dadurch optimiert, Kosten reduziert, und die Effizienz der Mitarbeiter wird erh\u00f6ht. Der Unternehmenssitz befindet sich in &hellip; <a href=\"https:\/\/h2solutions.de\/index.php\/unternehmen\/\"><br \/>Zu dieser Seite wechseln <span class=\"meta-nav\">&rarr;<\/span><\/a><\/p>\n","protected":false},"author":1,"featured_media":0,"parent":0,"menu_order":0,"comment_status":"closed","ping_status":"closed","template":"","meta":{"footnotes":""},"class_list":["post-31","page","type-page","status-publish","hentry"],"_links":{"self":[{"href":"https:\/\/h2solutions.de\/index.php\/wp-json\/wp\/v2\/pages\/31","targetHints":{"allow":["GET"]}}],"collection":[{"href":"https:\/\/h2solutions.de\/index.php\/wp-json\/wp\/v2\/pages"}],"about":[{"href":"https:\/\/h2solutions.de\/index.php\/wp-json\/wp\/v2\/types\/page"}],"author":[{"embeddable":true,"href":"https:\/\/h2solutions.de\/index.php\/wp-json\/wp\/v2\/users\/1"}],"replies":[{"embeddable":true,"href":"https:\/\/h2solutions.de\/index.php\/wp-json\/wp\/v2\/comments?post=31"}],"version-history":[{"count":0,"href":"https:\/\/h2solutions.de\/index.php\/wp-json\/wp\/v2\/pages\/31\/revisions"}],"wp:attachment":[{"href":"https:\/\/h2solutions.de\/index.php\/wp-json\/wp\/v2\/media?parent=31"}],"curies":[{"name":"wp","href":"https:\/\/api.w.org\/{rel}","templated":true}]}}